{"id":298,"date":"2023-06-11T12:13:42","date_gmt":"2023-06-11T10:13:42","guid":{"rendered":"https:\/\/kuflowajura.pl\/?page_id=298"},"modified":"2023-06-12T10:31:05","modified_gmt":"2023-06-12T08:31:05","slug":"cennik","status":"publish","type":"page","link":"https:\/\/kuflowajura.pl\/?page_id=298","title":{"rendered":"Cennik"},"content":{"rendered":"\t\t<div data-elementor-type=\"wp-page\" data-elementor-id=\"298\" class=\"elementor elementor-298\">\n\t\t\t\t\t\t\t<div class=\"elementor-element elementor-element-335d4e8 e-con-boxed e-flex e-con\" data-id=\"335d4e8\" data-element_type=\"container\" data-settings=\"{&quot;content_width&quot;:&quot;boxed&quot;}\">\n\t\t\t\t\t<div class=\"e-con-inner\">\n\t\t\t\t<div class=\"elementor-element elementor-element-7107d3c elementor-widget elementor-widget-heading\" data-id=\"7107d3c\" data-element_type=\"widget\" data-widget_type=\"heading.default\">\n\t\t\t\t<div class=\"elementor-widget-container\">\n\t\t\t<style>\/*! elementor - v3.13.3 - 28-05-2023 *\/\n.elementor-heading-title{padding:0;margin:0;line-height:1}.elementor-widget-heading .elementor-heading-title[class*=elementor-size-]>a{color:inherit;font-size:inherit;line-height:inherit}.elementor-widget-heading .elementor-heading-title.elementor-size-small{font-size:15px}.elementor-widget-heading .elementor-heading-title.elementor-size-medium{font-size:19px}.elementor-widget-heading .elementor-heading-title.elementor-size-large{font-size:29px}.elementor-widget-heading .elementor-heading-title.elementor-size-xl{font-size:39px}.elementor-widget-heading .elementor-heading-title.elementor-size-xxl{font-size:59px}<\/style><h2 class=\"elementor-heading-title elementor-size-default\">Cennik Ranczo Z Kuflowej Jury<\/h2>\t\t<\/div>\n\t\t\t\t<\/div>\n\t\t\t\t\t<\/div>\n\t\t\t\t<\/div>\n\t\t<div class=\"elementor-element elementor-element-8b29d23 e-con-boxed e-flex e-con\" data-id=\"8b29d23\" data-element_type=\"container\" data-settings=\"{&quot;content_width&quot;:&quot;boxed&quot;}\">\n\t\t\t\t\t<div class=\"e-con-inner\">\n\t\t\t\t<div class=\"elementor-element elementor-element-cf199f4 elementor-widget elementor-widget-price-list\" data-id=\"cf199f4\" data-element_type=\"widget\" data-widget_type=\"price-list.default\">\n\t\t\t\t<div class=\"elementor-widget-container\">\n\t\t\t<style>\/*! elementor-pro - v3.13.2 - 22-05-2023 *\/\n.elementor-widget-price-list .elementor-price-list{list-style:none;padding:0;margin:0}.elementor-widget-price-list .elementor-price-list li{margin:0}.elementor-price-list li:not(:last-child){margin-bottom:20px}.elementor-price-list .elementor-price-list-image{max-width:50%;flex-shrink:0;padding-right:25px}.elementor-price-list .elementor-price-list-image img{width:100%}.elementor-price-list .elementor-price-list-header,.elementor-price-list .elementor-price-list-item,.elementor-price-list .elementor-price-list-text{display:flex}.elementor-price-list .elementor-price-list-item{align-items:flex-start}.elementor-price-list .elementor-price-list-item .elementor-price-list-text{align-items:flex-start;flex-wrap:wrap;flex-grow:1}.elementor-price-list .elementor-price-list-item .elementor-price-list-header{align-items:center;flex-basis:100%;font-size:19px;font-weight:600;margin-bottom:10px;justify-content:space-between}.elementor-price-list .elementor-price-list-item .elementor-price-list-title{max-width:80%}.elementor-price-list .elementor-price-list-item .elementor-price-list-price{font-weight:600}.elementor-price-list .elementor-price-list-item p.elementor-price-list-description{flex-basis:100%;font-size:14px;margin:0}.elementor-price-list .elementor-price-list-item .elementor-price-list-separator{flex-grow:1;margin-left:10px;margin-right:10px;border-bottom-style:dotted;border-bottom-width:2px;height:0}.elementor-price-table{text-align:center}.elementor-price-table .elementor-price-table__header{background:var(--e-price-table-header-background-color,#555);padding:20px 0}.elementor-price-table .elementor-price-table__heading{margin:0;padding:0;line-height:1.2;font-size:24px;font-weight:600;color:#fff}.elementor-price-table .elementor-price-table__subheading{font-size:13px;font-weight:400;color:#fff}.elementor-price-table .elementor-price-table__original-price{margin-right:15px;text-decoration:line-through;font-size:.5em;line-height:1;font-weight:400;align-self:center}.elementor-price-table .elementor-price-table__original-price .elementor-price-table__currency{font-size:1em;margin:0}.elementor-price-table .elementor-price-table__price{display:flex;justify-content:center;align-items:center;flex-wrap:wrap;flex-direction:row;color:#555;font-weight:800;font-size:65px;padding:40px 0}.elementor-price-table .elementor-price-table__price .elementor-typo-excluded{line-height:normal;letter-spacing:normal;text-transform:none;font-weight:400;font-size:medium;font-style:normal}.elementor-price-table .elementor-price-table__after-price{display:flex;flex-wrap:wrap;text-align:left;align-self:stretch;align-items:flex-start;flex-direction:column}.elementor-price-table .elementor-price-table__integer-part{line-height:.8}.elementor-price-table .elementor-price-table__currency,.elementor-price-table .elementor-price-table__fractional-part{line-height:1;font-size:.3em}.elementor-price-table .elementor-price-table__currency{margin-right:3px}.elementor-price-table .elementor-price-table__period{width:100%;font-size:13px;font-weight:400}.elementor-price-table .elementor-price-table__features-list{list-style-type:none;margin:0;padding:0;line-height:1;color:var(--e-price-table-features-list-color)}.elementor-price-table .elementor-price-table__features-list li{font-size:14px;line-height:1;margin:0;padding:0}.elementor-price-table .elementor-price-table__features-list li .elementor-price-table__feature-inner{margin-left:15px;margin-right:15px}.elementor-price-table .elementor-price-table__features-list li:not(:first-child):before{content:\"\";display:block;border:0 solid hsla(0,0%,47.8%,.3);margin:10px 12.5%}.elementor-price-table .elementor-price-table__features-list i{margin-right:10px;font-size:1.3em}.elementor-price-table .elementor-price-table__features-list svg{margin-right:10px;fill:var(--e-price-table-features-list-color);height:1.3em;width:1.3em}.elementor-price-table .elementor-price-table__features-list svg~*{vertical-align:text-top}.elementor-price-table .elementor-price-table__footer{padding:30px 0}.elementor-price-table .elementor-price-table__additional_info{margin:0;font-size:13px;line-height:1.4}.elementor-price-table__ribbon{position:absolute;top:0;left:auto;right:0;transform:rotate(90deg);width:150px;overflow:hidden;height:150px}.elementor-price-table__ribbon-inner{text-align:center;left:0;width:200%;transform:translateY(-50%) translateX(-50%) translateX(35px) rotate(-45deg);margin-top:35px;font-size:13px;line-height:2;font-weight:800;text-transform:uppercase;background:#000}.elementor-price-table__ribbon.elementor-ribbon-left{transform:rotate(0);left:0;right:auto}.elementor-price-table__ribbon.elementor-ribbon-right{transform:rotate(90deg);left:auto;right:0}.elementor-widget-price-table .elementor-widget-container{overflow:hidden;background-color:#f9fafa}.e-con-inner>.elementor-widget-price-list,.e-con>.elementor-widget-price-list{width:var(--container-widget-width);--flex-grow:var(--container-widget-flex-grow)}<\/style>\n\t\t<ul class=\"elementor-price-list\">\n\n\t\t\t\t\t\t\t\t\t<li><a class=\"elementor-price-list-item\" href=\"#\">\t\t\t\t\n\t\t\t\t<div class=\"elementor-price-list-text\">\n\t\t\t\t\t\t\t\t\t<div class=\"elementor-price-list-header\">\n\t\t\t\t\t\t\t\t\t\t\t<span class=\"elementor-price-list-title\">\n\t\t\t\t\t\t\tOprowadzenie\t\t\t\t\t\t<\/span>\n\t\t\t\t\t\t\t\t\t\t\t\t\t\t\t\t\t\t<span class=\"elementor-price-list-separator\"><\/span>\n\t\t\t\t\t\t\t\t\t\t\t\t\t\t\t\t\t\t\t<span class=\"elementor-price-list-price\">20 Z\u0141<\/span>\n\t\t\t\t\t\t\t\t\t\t<\/div>\n\t\t\t\t\t\t\t\t\t\t\t\t\t\t\t<p class=\"elementor-price-list-description\">\n\t\t\t\t\t\t\tCzas na kr\u00f3tk\u0105, ale pe\u0142n\u0105 komicznych perypetii wycieczk\u0119 w towarzystwie naszych uroczych koni! Pozycja Oprowadzenie to 10 minut niesamowitych przyg\u00f3d na naszym specjalnym torze.\t\t\t\t\t\t<\/p>\n\t\t\t\t\t\t\t\t<\/div>\n\t\t\t\t<\/a><\/li>\t\t\t\t\t\t\t\t\t\t\t\t<li><a class=\"elementor-price-list-item\" href=\"#\">\t\t\t\t\n\t\t\t\t<div class=\"elementor-price-list-text\">\n\t\t\t\t\t\t\t\t\t<div class=\"elementor-price-list-header\">\n\t\t\t\t\t\t\t\t\t\t\t<span class=\"elementor-price-list-title\">\n\t\t\t\t\t\t\tLon\u017ca\t\t\t\t\t\t<\/span>\n\t\t\t\t\t\t\t\t\t\t\t\t\t\t\t\t\t\t<span class=\"elementor-price-list-separator\"><\/span>\n\t\t\t\t\t\t\t\t\t\t\t\t\t\t\t\t\t\t\t<span class=\"elementor-price-list-price\">60 Z\u0141<\/span>\n\t\t\t\t\t\t\t\t\t\t<\/div>\n\t\t\t\t\t\t\t\t\t\t\t\t\t\t\t<p class=\"elementor-price-list-description\">\n\t\t\t\t\t\t\tWitaj w magicznym \u015bwiecie wiruj\u0105cej jazdy na d\u0142ugiej lon\u017cy! Pozycja Lon\u017ca to 30 minut pe\u0142nych kr\u0119cenia, wirowania i poczucia, \u017ce jeste\u015b w centrum konnego tornada!\t\t\t\t\t\t<\/p>\n\t\t\t\t\t\t\t\t<\/div>\n\t\t\t\t<\/a><\/li>\t\t\t\t\t\t\t\t\t\t\t\t<li><a class=\"elementor-price-list-item\" href=\"#\">\t\t\t\t\n\t\t\t\t<div class=\"elementor-price-list-text\">\n\t\t\t\t\t\t\t\t\t<div class=\"elementor-price-list-header\">\n\t\t\t\t\t\t\t\t\t\t\t<span class=\"elementor-price-list-title\">\n\t\t\t\t\t\t\tJazda Na Mane\u017cu W Grupie\t\t\t\t\t\t<\/span>\n\t\t\t\t\t\t\t\t\t\t\t\t\t\t\t\t\t\t<span class=\"elementor-price-list-separator\"><\/span>\n\t\t\t\t\t\t\t\t\t\t\t\t\t\t\t\t\t\t\t<span class=\"elementor-price-list-price\">60 Z\u0141<\/span>\n\t\t\t\t\t\t\t\t\t\t<\/div>\n\t\t\t\t\t\t\t\t\t\t\t\t\t\t\t<p class=\"elementor-price-list-description\">\n\t\t\t\t\t\t\tWitaj w arenie kawalerii konnej! Pozycja Jazda na Mane\u017cu w Grupie to 60 minut nieko\u0144cz\u0105cej si\u0119 jazdy i zabawy w towarzystwie innych odwa\u017cnych je\u017ad\u017ac\u00f3w. To jak wst\u0105pienie do tajnej konnej sekty, gdzie kopyta t\u0119tni\u0105 rytmicznie, a \u015bmiech rozbrzmiewa g\u0142o\u015bno!\t\t\t\t\t\t<\/p>\n\t\t\t\t\t\t\t\t<\/div>\n\t\t\t\t<\/a><\/li>\t\t\t\t\t\t\t\t\t\t\t\t<li><a class=\"elementor-price-list-item\" href=\"#\">\t\t\t\t\n\t\t\t\t<div class=\"elementor-price-list-text\">\n\t\t\t\t\t\t\t\t\t<div class=\"elementor-price-list-header\">\n\t\t\t\t\t\t\t\t\t\t\t<span class=\"elementor-price-list-title\">\n\t\t\t\t\t\t\tJazda Inwidualna\t\t\t\t\t\t<\/span>\n\t\t\t\t\t\t\t\t\t\t\t\t\t\t\t\t\t\t<span class=\"elementor-price-list-separator\"><\/span>\n\t\t\t\t\t\t\t\t\t\t\t\t\t\t\t\t\t\t\t<span class=\"elementor-price-list-price\">90 Z\u0141<\/span>\n\t\t\t\t\t\t\t\t\t\t<\/div>\n\t\t\t\t\t\t\t\t\t\t\t\t\t\t\t<p class=\"elementor-price-list-description\">\n\t\t\t\t\t\t\tCzy kiedykolwiek marzy\u0142e\u015b o byciu w\u0142adc\u0105 w\u0142asnego konnego kr\u00f3lestwa? Teraz masz szans\u0119! Pozycja Jazda Indywidualna to 60 minut pe\u0142nych przyg\u00f3d i swobody na grzbiecie konia.\t\t\t\t\t\t<\/p>\n\t\t\t\t\t\t\t\t<\/div>\n\t\t\t\t<\/a><\/li>\t\t\t\t\t\t\t\t\t\t\t\t<li><a class=\"elementor-price-list-item\" href=\"#\">\t\t\t\t\n\t\t\t\t<div class=\"elementor-price-list-text\">\n\t\t\t\t\t\t\t\t\t<div class=\"elementor-price-list-header\">\n\t\t\t\t\t\t\t\t\t\t\t<span class=\"elementor-price-list-title\">\n\t\t\t\t\t\t\tTeren St\u0119po-K\u0142us\t\t\t\t\t\t<\/span>\n\t\t\t\t\t\t\t\t\t\t\t\t\t\t\t\t\t\t<span class=\"elementor-price-list-separator\"><\/span>\n\t\t\t\t\t\t\t\t\t\t\t\t\t\t\t\t\t\t\t<span class=\"elementor-price-list-price\">70 Z\u0141<\/span>\n\t\t\t\t\t\t\t\t\t\t<\/div>\n\t\t\t\t\t\t\t\t\t\t\t\t\t\t\t<p class=\"elementor-price-list-description\">\n\t\t\t\t\t\t\tCzy jeste\u015b gotowy na niesamowit\u0105 przeja\u017cd\u017ck\u0119, kt\u00f3ra pozwoli Ci poczu\u0107 si\u0119 jak prawdziwy mistrz jazdy konnej? Pozycja Teren St\u0119po-K\u0142us to 60 minut miksowania stylu st\u0119pa i k\u0142usa . To jak taniec na grzbiecie konia - elegancki i pe\u0142en wdzi\u0119ku! \t\t\t\t\t\t<\/p>\n\t\t\t\t\t\t\t\t<\/div>\n\t\t\t\t<\/a><\/li>\t\t\t\t\t\t\t\t\t\t\t\t<li><a class=\"elementor-price-list-item\" href=\"#\">\t\t\t\t\n\t\t\t\t<div class=\"elementor-price-list-text\">\n\t\t\t\t\t\t\t\t\t<div class=\"elementor-price-list-header\">\n\t\t\t\t\t\t\t\t\t\t\t<span class=\"elementor-price-list-title\">\n\t\t\t\t\t\t\tTeren Galop\t\t\t\t\t\t<\/span>\n\t\t\t\t\t\t\t\t\t\t\t\t\t\t\t\t\t\t<span class=\"elementor-price-list-separator\"><\/span>\n\t\t\t\t\t\t\t\t\t\t\t\t\t\t\t\t\t\t\t<span class=\"elementor-price-list-price\">80 Z\u0141<\/span>\n\t\t\t\t\t\t\t\t\t\t<\/div>\n\t\t\t\t\t\t\t\t\t\t\t\t\t\t\t<p class=\"elementor-price-list-description\">\n\t\t\t\t\t\t\tPozycja Teren Galop to 60 minut prawdziwego szale\u0144stwa na naszym konnym rollercoasterze. Podnie\u015b sw\u00f3j adrenalinowy poziom, kiedy Twoje r\u0119ce trzymaj\u0105 wodze, a wiatr rozwiewa Twoje w\u0142osy w galopie przez malownicze pola. Ta pozycja gwarantuje dawk\u0119 \u015bmiechu, niezapomniane chwile i niezliczone opowie\u015bci do podzielenia si\u0119 ze swoimi przyjaci\u00f3\u0142mi. \t\t\t\t\t\t<\/p>\n\t\t\t\t\t\t\t\t<\/div>\n\t\t\t\t<\/a><\/li>\t\t\t\t\t\n\t\t<\/ul>\n\n\t\t\t\t<\/div>\n\t\t\t\t<\/div>\n\t\t\t\t\t<\/div>\n\t\t\t\t<\/div>\n\t\t\t\t\t\t\t<\/div>\n\t\t","protected":false},"excerpt":{"rendered":"<p>Cennik Ranczo Z Kuflowej Jury Oprowadzenie 20 Z\u0141 Czas na kr\u00f3tk\u0105, ale pe\u0142n\u0105 komicznych perypetii wycieczk\u0119 w towarzystwie naszych uroczych koni! Pozycja Oprowadzenie to 10 minut niesamowitych przyg\u00f3d na naszym specjalnym torze. Lon\u017ca 60 Z\u0141 Witaj w magicznym \u015bwiecie wiruj\u0105cej jazdy na d\u0142ugiej lon\u017cy! Pozycja Lon\u017ca to 30 minut pe\u0142nych kr\u0119cenia, wirowania i poczucia, \u017ce jeste\u015b w centrum konnego tornada! Jazda Na Mane\u017cu W Grupie 60 Z\u0141 Witaj w arenie kawalerii konnej! Pozycja Jazda na Mane\u017cu w Grupie to 60 minut nieko\u0144cz\u0105cej si\u0119 jazdy i zabawy w towarzystwie innych odwa\u017cnych je\u017ad\u017ac\u00f3w. To jak wst\u0105pienie do tajnej konnej sekty, gdzie kopyta\u2026<\/p>\n","protected":false},"author":1,"featured_media":0,"parent":0,"menu_order":0,"comment_status":"closed","ping_status":"closed","template":"","meta":{"footnotes":""},"class_list":["post-298","page","type-page","status-publish","hentry"],"blocksy_meta":"","yoast_head":"<!-- This site is optimized with the Yoast SEO plugin v20.9 - https:\/\/yoast.com\/wordpress\/plugins\/seo\/ -->\n<title>Cennik - Z Kuflowej Jury<\/title>\n<meta name=\"robots\" content=\"index, follow, max-snippet:-1, max-image-preview:large, max-video-preview:-1\" \/>\n<link rel=\"canonical\" href=\"https:\/\/kuflowajura.pl\/?page_id=298\" \/>\n<meta property=\"og:locale\" content=\"pl_PL\" \/>\n<meta property=\"og:type\" content=\"article\" \/>\n<meta property=\"og:title\" content=\"Cennik - Z Kuflowej Jury\" \/>\n<meta property=\"og:description\" content=\"Cennik Ranczo Z Kuflowej Jury Oprowadzenie 20 Z\u0141 Czas na kr\u00f3tk\u0105, ale pe\u0142n\u0105 komicznych perypetii wycieczk\u0119 w towarzystwie naszych uroczych koni! Pozycja Oprowadzenie to 10 minut niesamowitych przyg\u00f3d na naszym specjalnym torze. Lon\u017ca 60 Z\u0141 Witaj w magicznym \u015bwiecie wiruj\u0105cej jazdy na d\u0142ugiej lon\u017cy! Pozycja Lon\u017ca to 30 minut pe\u0142nych kr\u0119cenia, wirowania i poczucia, \u017ce jeste\u015b w centrum konnego tornada! Jazda Na Mane\u017cu W Grupie 60 Z\u0141 Witaj w arenie kawalerii konnej! Pozycja Jazda na Mane\u017cu w Grupie to 60 minut nieko\u0144cz\u0105cej si\u0119 jazdy i zabawy w towarzystwie innych odwa\u017cnych je\u017ad\u017ac\u00f3w. To jak wst\u0105pienie do tajnej konnej sekty, gdzie kopyta\u2026\" \/>\n<meta property=\"og:url\" content=\"https:\/\/kuflowajura.pl\/?page_id=298\" \/>\n<meta property=\"og:site_name\" content=\"Z Kuflowej Jury\" \/>\n<meta property=\"article:publisher\" content=\"https:\/\/www.facebook.com\/p\/Hodowla-Golden-Retriever-Z-Kuflowej-Jury-FCI-100063837691586\/\" \/>\n<meta property=\"article:modified_time\" content=\"2023-06-12T08:31:05+00:00\" \/>\n<meta property=\"og:image\" content=\"https:\/\/kuflowajura.pl\/wp-content\/uploads\/2023\/06\/Mask-group.png\" \/>\n\t<meta property=\"og:image:width\" content=\"1536\" \/>\n\t<meta property=\"og:image:height\" content=\"864\" \/>\n\t<meta property=\"og:image:type\" content=\"image\/png\" \/>\n<meta name=\"twitter:card\" content=\"summary_large_image\" \/>\n<meta name=\"twitter:label1\" content=\"Szacowany czas czytania\" \/>\n\t<meta name=\"twitter:data1\" content=\"1 minuta\" \/>\n<script type=\"application\/ld+json\" class=\"yoast-schema-graph\">{\"@context\":\"https:\/\/schema.org\",\"@graph\":[{\"@type\":\"WebPage\",\"@id\":\"https:\/\/kuflowajura.pl\/?page_id=298\",\"url\":\"https:\/\/kuflowajura.pl\/?page_id=298\",\"name\":\"Cennik - Z Kuflowej Jury\",\"isPartOf\":{\"@id\":\"https:\/\/kuflowajura.pl\/#website\"},\"datePublished\":\"2023-06-11T10:13:42+00:00\",\"dateModified\":\"2023-06-12T08:31:05+00:00\",\"breadcrumb\":{\"@id\":\"https:\/\/kuflowajura.pl\/?page_id=298#breadcrumb\"},\"inLanguage\":\"pl-PL\",\"potentialAction\":[{\"@type\":\"ReadAction\",\"target\":[\"https:\/\/kuflowajura.pl\/?page_id=298\"]}]},{\"@type\":\"BreadcrumbList\",\"@id\":\"https:\/\/kuflowajura.pl\/?page_id=298#breadcrumb\",\"itemListElement\":[{\"@type\":\"ListItem\",\"position\":1,\"name\":\"Strona g\u0142\u00f3wna\",\"item\":\"https:\/\/kuflowajura.pl\/\"},{\"@type\":\"ListItem\",\"position\":2,\"name\":\"Cennik\"}]},{\"@type\":\"WebSite\",\"@id\":\"https:\/\/kuflowajura.pl\/#website\",\"url\":\"https:\/\/kuflowajura.pl\/\",\"name\":\"Z Kuflowej Jury\",\"description\":\"\",\"publisher\":{\"@id\":\"https:\/\/kuflowajura.pl\/#organization\"},\"alternateName\":\"Kuflowa Jura\",\"potentialAction\":[{\"@type\":\"SearchAction\",\"target\":{\"@type\":\"EntryPoint\",\"urlTemplate\":\"https:\/\/kuflowajura.pl\/?s={search_term_string}\"},\"query-input\":\"required name=search_term_string\"}],\"inLanguage\":\"pl-PL\"},{\"@type\":\"Organization\",\"@id\":\"https:\/\/kuflowajura.pl\/#organization\",\"name\":\"Z Kuflowej Jury\",\"alternateName\":\"Kuflowa Jura\",\"url\":\"https:\/\/kuflowajura.pl\/\",\"logo\":{\"@type\":\"ImageObject\",\"inLanguage\":\"pl-PL\",\"@id\":\"https:\/\/kuflowajura.pl\/#\/schema\/logo\/image\/\",\"url\":\"https:\/\/kuflowajura.pl\/wp-content\/uploads\/2023\/06\/Mask-group.png\",\"contentUrl\":\"https:\/\/kuflowajura.pl\/wp-content\/uploads\/2023\/06\/Mask-group.png\",\"width\":1536,\"height\":864,\"caption\":\"Z Kuflowej Jury\"},\"image\":{\"@id\":\"https:\/\/kuflowajura.pl\/#\/schema\/logo\/image\/\"},\"sameAs\":[\"https:\/\/www.facebook.com\/p\/Hodowla-Golden-Retriever-Z-Kuflowej-Jury-FCI-100063837691586\/\",\"https:\/\/www.tiktok.com\/@z_kuflowej_jury\",\"https:\/\/www.instagram.com\/kuflowajura\"]}]}<\/script>\n<!-- \/ Yoast SEO plugin. -->","yoast_head_json":{"title":"Cennik - Z Kuflowej Jury","robots":{"index":"index","follow":"follow","max-snippet":"max-snippet:-1","max-image-preview":"max-image-preview:large","max-video-preview":"max-video-preview:-1"},"canonical":"https:\/\/kuflowajura.pl\/?page_id=298","og_locale":"pl_PL","og_type":"article","og_title":"Cennik - Z Kuflowej Jury","og_description":"Cennik Ranczo Z Kuflowej Jury Oprowadzenie 20 Z\u0141 Czas na kr\u00f3tk\u0105, ale pe\u0142n\u0105 komicznych perypetii wycieczk\u0119 w towarzystwie naszych uroczych koni! Pozycja Oprowadzenie to 10 minut niesamowitych przyg\u00f3d na naszym specjalnym torze. Lon\u017ca 60 Z\u0141 Witaj w magicznym \u015bwiecie wiruj\u0105cej jazdy na d\u0142ugiej lon\u017cy! Pozycja Lon\u017ca to 30 minut pe\u0142nych kr\u0119cenia, wirowania i poczucia, \u017ce jeste\u015b w centrum konnego tornada! Jazda Na Mane\u017cu W Grupie 60 Z\u0141 Witaj w arenie kawalerii konnej! Pozycja Jazda na Mane\u017cu w Grupie to 60 minut nieko\u0144cz\u0105cej si\u0119 jazdy i zabawy w towarzystwie innych odwa\u017cnych je\u017ad\u017ac\u00f3w. To jak wst\u0105pienie do tajnej konnej sekty, gdzie kopyta\u2026","og_url":"https:\/\/kuflowajura.pl\/?page_id=298","og_site_name":"Z Kuflowej Jury","article_publisher":"https:\/\/www.facebook.com\/p\/Hodowla-Golden-Retriever-Z-Kuflowej-Jury-FCI-100063837691586\/","article_modified_time":"2023-06-12T08:31:05+00:00","og_image":[{"width":1536,"height":864,"url":"https:\/\/kuflowajura.pl\/wp-content\/uploads\/2023\/06\/Mask-group.png","type":"image\/png"}],"twitter_card":"summary_large_image","twitter_misc":{"Szacowany czas czytania":"1 minuta"},"schema":{"@context":"https:\/\/schema.org","@graph":[{"@type":"WebPage","@id":"https:\/\/kuflowajura.pl\/?page_id=298","url":"https:\/\/kuflowajura.pl\/?page_id=298","name":"Cennik - Z Kuflowej Jury","isPartOf":{"@id":"https:\/\/kuflowajura.pl\/#website"},"datePublished":"2023-06-11T10:13:42+00:00","dateModified":"2023-06-12T08:31:05+00:00","breadcrumb":{"@id":"https:\/\/kuflowajura.pl\/?page_id=298#breadcrumb"},"inLanguage":"pl-PL","potentialAction":[{"@type":"ReadAction","target":["https:\/\/kuflowajura.pl\/?page_id=298"]}]},{"@type":"BreadcrumbList","@id":"https:\/\/kuflowajura.pl\/?page_id=298#breadcrumb","itemListElement":[{"@type":"ListItem","position":1,"name":"Strona g\u0142\u00f3wna","item":"https:\/\/kuflowajura.pl\/"},{"@type":"ListItem","position":2,"name":"Cennik"}]},{"@type":"WebSite","@id":"https:\/\/kuflowajura.pl\/#website","url":"https:\/\/kuflowajura.pl\/","name":"Z Kuflowej Jury","description":"","publisher":{"@id":"https:\/\/kuflowajura.pl\/#organization"},"alternateName":"Kuflowa Jura","potentialAction":[{"@type":"SearchAction","target":{"@type":"EntryPoint","urlTemplate":"https:\/\/kuflowajura.pl\/?s={search_term_string}"},"query-input":"required name=search_term_string"}],"inLanguage":"pl-PL"},{"@type":"Organization","@id":"https:\/\/kuflowajura.pl\/#organization","name":"Z Kuflowej Jury","alternateName":"Kuflowa Jura","url":"https:\/\/kuflowajura.pl\/","logo":{"@type":"ImageObject","inLanguage":"pl-PL","@id":"https:\/\/kuflowajura.pl\/#\/schema\/logo\/image\/","url":"https:\/\/kuflowajura.pl\/wp-content\/uploads\/2023\/06\/Mask-group.png","contentUrl":"https:\/\/kuflowajura.pl\/wp-content\/uploads\/2023\/06\/Mask-group.png","width":1536,"height":864,"caption":"Z Kuflowej Jury"},"image":{"@id":"https:\/\/kuflowajura.pl\/#\/schema\/logo\/image\/"},"sameAs":["https:\/\/www.facebook.com\/p\/Hodowla-Golden-Retriever-Z-Kuflowej-Jury-FCI-100063837691586\/","https:\/\/www.tiktok.com\/@z_kuflowej_jury","https:\/\/www.instagram.com\/kuflowajura"]}]}},"_links":{"self":[{"href":"https:\/\/kuflowajura.pl\/index.php?rest_route=\/wp\/v2\/pages\/298","targetHints":{"allow":["GET"]}}],"collection":[{"href":"https:\/\/kuflowajura.pl\/index.php?rest_route=\/wp\/v2\/pages"}],"about":[{"href":"https:\/\/kuflowajura.pl\/index.php?rest_route=\/wp\/v2\/types\/page"}],"author":[{"embeddable":true,"href":"https:\/\/kuflowajura.pl\/index.php?rest_route=\/wp\/v2\/users\/1"}],"replies":[{"embeddable":true,"href":"https:\/\/kuflowajura.pl\/index.php?rest_route=%2Fwp%2Fv2%2Fcomments&post=298"}],"version-history":[{"count":19,"href":"https:\/\/kuflowajura.pl\/index.php?rest_route=\/wp\/v2\/pages\/298\/revisions"}],"predecessor-version":[{"id":369,"href":"https:\/\/kuflowajura.pl\/index.php?rest_route=\/wp\/v2\/pages\/298\/revisions\/369"}],"wp:attachment":[{"href":"https:\/\/kuflowajura.pl\/index.php?rest_route=%2Fwp%2Fv2%2Fmedia&parent=298"}],"curies":[{"name":"wp","href":"https:\/\/api.w.org\/{rel}","templated":true}]}}